{"id":178,"date":"2022-10-14T09:48:31","date_gmt":"2022-10-14T07:48:31","guid":{"rendered":"https:\/\/www.asadoraker.com\/?page_id=178"},"modified":"2026-01-28T08:45:05","modified_gmt":"2026-01-28T07:45:05","slug":"nosotros","status":"publish","type":"page","link":"https:\/\/www.asadoraker.com\/en\/nosotros\/","title":{"rendered":"Nosotros"},"content":{"rendered":"<div data-elementor-type=\"wp-page\" data-elementor-id=\"178\" class=\"elementor elementor-178\" data-elementor-post-type=\"page\">\n\t\t\t\t<div class=\"elementor-element elementor-element-d3e8e66 e-flex e-con-boxed e-con e-parent\" data-id=\"d3e8e66\" data-element_type=\"container\" data-e-type=\"container\" data-settings=\"{&quot;background_background&quot;:&quot;classic&quot;}\">\n\t\t\t\t\t<div class=\"e-con-inner\">\n\t\t<div class=\"elementor-element elementor-element-b283e75 fc-container-equal e-flex e-con-boxed e-con e-child\" data-id=\"b283e75\" data-element_type=\"container\" data-e-type=\"container\">\n\t\t\t\t\t<div class=\"e-con-inner\">\n\t\t\t\t<div class=\"elementor-element elementor-element-f1e8ff2 elementor-widget elementor-widget-heading\" data-id=\"f1e8ff2\" data-element_type=\"widget\" data-e-type=\"widget\" data-widget_type=\"heading.default\">\n\t\t\t\t<div class=\"elementor-widget-container\">\n\t\t\t\t\t<h1 class=\"elementor-heading-title elementor-size-default\">Asador Aker<\/h1>\t\t\t\t<\/div>\n\t\t\t\t<\/div>\n\t\t\t\t<div class=\"elementor-element elementor-element-d251234 elementor-widget elementor-widget-text-editor\" data-id=\"d251234\" data-element_type=\"widget\" data-e-type=\"widget\" data-widget_type=\"text-editor.default\">\n\t\t\t\t<div class=\"elementor-widget-container\">\n\t\t\t\t\t\t\t\t\t<p>Situado en el encantador pueblo de Cuzcurrita de R\u00edo Tir\u00f3n, llevamos 25 a\u00f1os dedic\u00e1ndonos con pasi\u00f3n a la cocina a la parrilla. Somos un restaurante familiar donde cada detalle importa, y eso se percibe tanto en nuestros platos como en la atenci\u00f3n cercana y personalizada que ofrecemos a cada comensal.<\/p>\t\t\t\t\t\t\t\t<\/div>\n\t\t\t\t<\/div>\n\t\t\t\t\t<\/div>\n\t\t\t\t<\/div>\n\t\t\t\t\t<\/div>\n\t\t\t\t<\/div>\n\t\t<div class=\"elementor-element elementor-element-a2e63ad fc-container-padding e-flex e-con-boxed e-con e-parent\" data-id=\"a2e63ad\" data-element_type=\"container\" data-e-type=\"container\">\n\t\t\t\t\t<div class=\"e-con-inner\">\n\t\t\t\t<div class=\"elementor-element elementor-element-c3a4df9 elementor-widget elementor-widget-text-editor\" data-id=\"c3a4df9\" data-element_type=\"widget\" data-e-type=\"widget\" data-widget_type=\"text-editor.default\">\n\t\t\t\t<div class=\"elementor-widget-container\">\n\t\t\t\t\t\t\t\t\t<p>Nuestra cocina gira en torno al fuego, las brasas y el producto fresco.\u2028Casi todo lo que servimos pasa por la parrilla, manteniendo esa esencia tradicional que nos define.<\/p>\t\t\t\t\t\t\t\t<\/div>\n\t\t\t\t<\/div>\n\t\t\t\t\t<\/div>\n\t\t\t\t<\/div>\n\t\t<div class=\"elementor-element elementor-element-3d21f9b e-con-full fc-container-padding e-flex e-con e-parent\" data-id=\"3d21f9b\" data-element_type=\"container\" data-e-type=\"container\">\n\t\t<div class=\"elementor-element elementor-element-d78ea21 e-flex e-con-boxed e-con e-child\" data-id=\"d78ea21\" data-element_type=\"container\" data-e-type=\"container\">\n\t\t\t\t\t<div class=\"e-con-inner\">\n\t\t<div class=\"elementor-element elementor-element-14707ff fc-container-col e-con-full e-flex e-con e-child\" data-id=\"14707ff\" data-element_type=\"container\" data-e-type=\"container\">\n\t\t\t\t<div class=\"elementor-element elementor-element-5234165 elementor-widget elementor-widget-text-editor\" data-id=\"5234165\" data-element_type=\"widget\" data-e-type=\"widget\" data-widget_type=\"text-editor.default\">\n\t\t\t\t<div class=\"elementor-widget-container\">\n\t\t\t\t\t\t\t\t\t<p>Aunque la carne asada es uno de nuestros sellos, nuestra verdadera especialidad son los pescados a la brasa, especialmente la lubina, un cl\u00e1sico de AKER que nuestros clientes consideran indispensable.<\/p><p>Trabajamos siempre con producto de calidad y lo tratamos con respeto, logrando sabores intensos, naturales y llenos de car\u00e1cter.<\/p>\t\t\t\t\t\t\t\t<\/div>\n\t\t\t\t<\/div>\n\t\t\t\t<div class=\"elementor-element elementor-element-07cb007 elementor-widget__width-auto fc-boton-simple elementor-widget elementor-widget-button\" data-id=\"07cb007\" data-element_type=\"widget\" data-e-type=\"widget\" data-widget_type=\"button.default\">\n\t\t\t\t<div class=\"elementor-widget-container\">\n\t\t\t\t\t\t\t\t\t<div class=\"elementor-button-wrapper\">\n\t\t\t\t\t<a class=\"elementor-button elementor-button-link elementor-size-sm\" href=\"https:\/\/www.asadoraker.com\/en\/contacto\/\">\n\t\t\t\t\t\t<span class=\"elementor-button-content-wrapper\">\n\t\t\t\t\t\t\t\t\t<span class=\"elementor-button-text\">Quiero hacer una reserva<\/span>\n\t\t\t\t\t<\/span>\n\t\t\t\t\t<\/a>\n\t\t\t\t<\/div>\n\t\t\t\t\t\t\t\t<\/div>\n\t\t\t\t<\/div>\n\t\t\t\t<\/div>\n\t\t<div class=\"elementor-element elementor-element-48d9f63 fc-container-col e-con-full e-flex e-con e-child\" data-id=\"48d9f63\" data-element_type=\"container\" data-e-type=\"container\">\n\t\t\t\t<div class=\"elementor-element elementor-element-d2c8bf3 elementor-widget__width-initial elementor-widget-tablet__width-inherit elementor-widget elementor-widget-image\" data-id=\"d2c8bf3\" data-element_type=\"widget\" data-e-type=\"widget\" data-widget_type=\"image.default\">\n\t\t\t\t<div class=\"elementor-widget-container\">\n\t\t\t\t\t\t\t\t\t\t\t\t\t\t\t<img fetchpriority=\"high\" decoding=\"async\" width=\"800\" height=\"1050\" src=\"https:\/\/www.asadoraker.com\/wp-content\/uploads\/2026\/01\/aker-nosotros-lubina-1768827210.jpg\" class=\"attachment-full size-full wp-image-2075\" alt=\"Aker Nosotros Lubina\" srcset=\"https:\/\/www.asadoraker.com\/wp-content\/uploads\/2026\/01\/aker-nosotros-lubina-1768827210.jpg 800w, https:\/\/www.asadoraker.com\/wp-content\/uploads\/2026\/01\/aker-nosotros-lubina-1768827210-229x300.jpg 229w, https:\/\/www.asadoraker.com\/wp-content\/uploads\/2026\/01\/aker-nosotros-lubina-1768827210-780x1024.jpg 780w, https:\/\/www.asadoraker.com\/wp-content\/uploads\/2026\/01\/aker-nosotros-lubina-1768827210-768x1008.jpg 768w\" sizes=\"(max-width: 800px) 100vw, 800px\" \/>\t\t\t\t\t\t\t\t\t\t\t\t\t\t\t<\/div>\n\t\t\t\t<\/div>\n\t\t\t\t<div class=\"elementor-element elementor-element-cf4438a elementor-widget__width-initial elementor-widget-tablet__width-inherit elementor-widget elementor-widget-image\" data-id=\"cf4438a\" data-element_type=\"widget\" data-e-type=\"widget\" data-widget_type=\"image.default\">\n\t\t\t\t<div class=\"elementor-widget-container\">\n\t\t\t\t\t\t\t\t\t\t\t\t\t\t\t<img decoding=\"async\" width=\"800\" height=\"1050\" src=\"https:\/\/www.asadoraker.com\/wp-content\/uploads\/2026\/01\/aker-nosotros-seta-navaja-1768827205.jpg\" class=\"attachment-full size-full wp-image-2074\" alt=\"Aker Nosotros Seta Navaja\" srcset=\"https:\/\/www.asadoraker.com\/wp-content\/uploads\/2026\/01\/aker-nosotros-seta-navaja-1768827205.jpg 800w, https:\/\/www.asadoraker.com\/wp-content\/uploads\/2026\/01\/aker-nosotros-seta-navaja-1768827205-229x300.jpg 229w, https:\/\/www.asadoraker.com\/wp-content\/uploads\/2026\/01\/aker-nosotros-seta-navaja-1768827205-780x1024.jpg 780w, https:\/\/www.asadoraker.com\/wp-content\/uploads\/2026\/01\/aker-nosotros-seta-navaja-1768827205-768x1008.jpg 768w\" sizes=\"(max-width: 800px) 100vw, 800px\" \/>\t\t\t\t\t\t\t\t\t\t\t\t\t\t\t<\/div>\n\t\t\t\t<\/div>\n\t\t\t\t<\/div>\n\t\t\t\t\t<\/div>\n\t\t\t\t<\/div>\n\t\t\t\t<\/div>\n\t\t<div class=\"elementor-element elementor-element-669e1b2 e-con-full fc-container-padding e-flex e-con e-parent\" data-id=\"669e1b2\" data-element_type=\"container\" data-e-type=\"container\">\n\t\t<div class=\"elementor-element elementor-element-a2fa344 e-flex e-con-boxed e-con e-child\" data-id=\"a2fa344\" data-element_type=\"container\" data-e-type=\"container\">\n\t\t\t\t\t<div class=\"e-con-inner\">\n\t\t<div class=\"elementor-element elementor-element-49046d1 fc-container-col e-flex e-con-boxed e-con e-child\" data-id=\"49046d1\" data-element_type=\"container\" data-e-type=\"container\">\n\t\t\t\t\t<div class=\"e-con-inner\">\n\t\t\t\t<div class=\"elementor-element elementor-element-0e2081c elementor-widget elementor-widget-heading\" data-id=\"0e2081c\" data-element_type=\"widget\" data-e-type=\"widget\" data-widget_type=\"heading.default\">\n\t\t\t\t<div class=\"elementor-widget-container\">\n\t\t\t\t\t<h2 class=\"elementor-heading-title elementor-size-default\">Un espacio pensado para compartir<\/h2>\t\t\t\t<\/div>\n\t\t\t\t<\/div>\n\t\t\t\t\t<\/div>\n\t\t\t\t<\/div>\n\t\t<div class=\"elementor-element elementor-element-d3a33e1 fc-container-col e-flex e-con-boxed e-con e-child\" data-id=\"d3a33e1\" data-element_type=\"container\" data-e-type=\"container\">\n\t\t\t\t\t<div class=\"e-con-inner\">\n\t\t\t\t<div class=\"elementor-element elementor-element-9e8e1f5 elementor-widget elementor-widget-text-editor\" data-id=\"9e8e1f5\" data-element_type=\"widget\" data-e-type=\"widget\" data-widget_type=\"text-editor.default\">\n\t\t\t\t<div class=\"elementor-widget-container\">\n\t\t\t\t\t\t\t\t\t<p>Contamos con una capacidad para 80 comensales, adem\u00e1s de un comedor privado para 25 personas, perfecto para celebraciones familiares, reuniones de empresa o eventos especiales en un ambiente \u00edntimo y acogedor. Tambi\u00e9n disponemos de accesos adaptados para personas con movilidad reducida, porque en AKER queremos que todos puedan disfrutar de nuestra mesa.<\/p>\t\t\t\t\t\t\t\t<\/div>\n\t\t\t\t<\/div>\n\t\t\t\t\t<\/div>\n\t\t\t\t<\/div>\n\t\t\t\t\t<\/div>\n\t\t\t\t<\/div>\n\t\t\t\t<\/div>\n\t\t<div class=\"elementor-element elementor-element-3ca018c fc-container-padding e-flex e-con-boxed e-con e-parent\" data-id=\"3ca018c\" data-element_type=\"container\" data-e-type=\"container\">\n\t\t\t\t\t<div class=\"e-con-inner\">\n\t\t\t\t<div class=\"elementor-element elementor-element-8fcb005 elementor-widget elementor-widget-heading\" data-id=\"8fcb005\" data-element_type=\"widget\" data-e-type=\"widget\" data-widget_type=\"heading.default\">\n\t\t\t\t<div class=\"elementor-widget-container\">\n\t\t\t\t\t<h2 class=\"elementor-heading-title elementor-size-default\">Calado del S. XVIII<\/h2>\t\t\t\t<\/div>\n\t\t\t\t<\/div>\n\t\t\t\t<div class=\"elementor-element elementor-element-0976236 elementor-widget elementor-widget-text-editor\" data-id=\"0976236\" data-element_type=\"widget\" data-e-type=\"widget\" data-widget_type=\"text-editor.default\">\n\t\t\t\t<div class=\"elementor-widget-container\">\n\t\t\t\t\t\t\t\t\t<p>Uno de nuestros mayores tesoros es nuestro calao natural del siglo XVIII, un espacio hist\u00f3rico donde reposan nuestros vinos en las condiciones ideales. Nuestra bodega est\u00e1 compuesta casi en su totalidad por vinos de Rioja, una selecci\u00f3n cuidada que acompa\u00f1a a la perfecci\u00f3n cada plato y que refuerza nuestra conexi\u00f3n con la tradici\u00f3n y la tierra.<\/p>\t\t\t\t\t\t\t\t<\/div>\n\t\t\t\t<\/div>\n\t\t\t\t\t<\/div>\n\t\t\t\t<\/div>\n\t\t<div class=\"elementor-element elementor-element-d862908 e-flex e-con-boxed e-con e-parent\" data-id=\"d862908\" data-element_type=\"container\" data-e-type=\"container\" data-settings=\"{&quot;background_background&quot;:&quot;classic&quot;}\">\n\t\t\t\t\t<div class=\"e-con-inner\">\n\t\t\t\t\t<\/div>\n\t\t\t\t<\/div>\n\t\t<div class=\"elementor-element elementor-element-8f3f4e3 e-con-full fc-container-padding e-flex e-con e-parent\" data-id=\"8f3f4e3\" data-element_type=\"container\" data-e-type=\"container\">\n\t\t<div class=\"elementor-element elementor-element-8798477 e-flex e-con-boxed e-con e-child\" data-id=\"8798477\" data-element_type=\"container\" data-e-type=\"container\">\n\t\t\t\t\t<div class=\"e-con-inner\">\n\t\t<div class=\"elementor-element elementor-element-7dcd50e fc-container-col e-flex e-con-boxed e-con e-child\" data-id=\"7dcd50e\" data-element_type=\"container\" data-e-type=\"container\">\n\t\t\t\t\t<div class=\"e-con-inner\">\n\t\t\t\t<div class=\"elementor-element elementor-element-c4bf287 elementor-widget elementor-widget-heading\" data-id=\"c4bf287\" data-element_type=\"widget\" data-e-type=\"widget\" data-widget_type=\"heading.default\">\n\t\t\t\t<div class=\"elementor-widget-container\">\n\t\t\t\t\t<h2 class=\"elementor-heading-title elementor-size-default\">La parrilla es nuestro arte.<\/h2>\t\t\t\t<\/div>\n\t\t\t\t<\/div>\n\t\t\t\t\t<\/div>\n\t\t\t\t<\/div>\n\t\t<div class=\"elementor-element elementor-element-547719d fc-container-col e-flex e-con-boxed e-con e-child\" data-id=\"547719d\" data-element_type=\"container\" data-e-type=\"container\">\n\t\t\t\t\t<div class=\"e-con-inner\">\n\t\t\t\t<div class=\"elementor-element elementor-element-b669504 elementor-widget elementor-widget-text-editor\" data-id=\"b669504\" data-element_type=\"widget\" data-e-type=\"widget\" data-widget_type=\"text-editor.default\">\n\t\t\t\t<div class=\"elementor-widget-container\">\n\t\t\t\t\t\t\t\t\t<p>En AKER creemos en la tradici\u00f3n, en el producto bien trabajado y en el trato humano. Despu\u00e9s de casi un cuarto de siglo al servicio de nuestros visitantes, seguimos renovando cada d\u00eda la ilusi\u00f3n por ofrecer una experiencia gastron\u00f3mica aut\u00e9ntica, honesta y llena de sabor.<\/p><p>Restaurante Asado AKER: donde la parrilla es nuestro arte, el vino nuestra pasi\u00f3n, y t\u00fa, nuestro invitado especial.<\/p>\t\t\t\t\t\t\t\t<\/div>\n\t\t\t\t<\/div>\n\t\t\t\t\t<\/div>\n\t\t\t\t<\/div>\n\t\t\t\t\t<\/div>\n\t\t\t\t<\/div>\n\t\t\t\t<\/div>\n\t\t<div class=\"elementor-element elementor-element-901f81b fc-container-padding e-flex e-con-boxed e-con e-parent\" data-id=\"901f81b\" data-element_type=\"container\" data-e-type=\"container\">\n\t\t\t\t\t<div class=\"e-con-inner\">\n\t\t\t\t<div class=\"elementor-element elementor-element-65b627a elementor-widget elementor-widget-template\" data-id=\"65b627a\" data-element_type=\"widget\" data-e-type=\"widget\" data-widget_type=\"template.default\">\n\t\t\t\t<div class=\"elementor-widget-container\">\n\t\t\t\t\t\t\t<div class=\"elementor-template\">\n\t\t\t\t\t<div data-elementor-type=\"container\" data-elementor-id=\"2047\" class=\"elementor elementor-2047\" data-elementor-post-type=\"elementor_library\">\n\t\t\t\t<div class=\"elementor-element elementor-element-009a907 e-con-full e-flex e-con e-parent\" data-id=\"009a907\" data-element_type=\"container\" data-e-type=\"container\">\n\t\t<div class=\"elementor-element elementor-element-90c4d74 e-flex e-con-boxed e-con e-child\" data-id=\"90c4d74\" data-element_type=\"container\" data-e-type=\"container\">\n\t\t\t\t\t<div class=\"e-con-inner\">\n\t\t<div class=\"elementor-element elementor-element-ea3606f fc-container-equal-s e-con-full e-flex e-con e-child\" data-id=\"ea3606f\" data-element_type=\"container\" data-e-type=\"container\" data-settings=\"{&quot;background_background&quot;:&quot;classic&quot;}\">\n\t\t\t\t<div class=\"elementor-element elementor-element-617c9a3 elementor-widget elementor-widget-image\" data-id=\"617c9a3\" data-element_type=\"widget\" data-e-type=\"widget\" data-widget_type=\"image.default\">\n\t\t\t\t<div class=\"elementor-widget-container\">\n\t\t\t\t\t\t\t\t\t\t\t\t\t\t\t<img decoding=\"async\" width=\"800\" height=\"1000\" src=\"https:\/\/www.asadoraker.com\/wp-content\/uploads\/2026\/01\/aker-aritza-chuleton-1768396489.jpg\" class=\"attachment-large size-large wp-image-1992\" alt=\"Aker Aritza Chuleton\" srcset=\"https:\/\/www.asadoraker.com\/wp-content\/uploads\/2026\/01\/aker-aritza-chuleton-1768396489.jpg 800w, https:\/\/www.asadoraker.com\/wp-content\/uploads\/2026\/01\/aker-aritza-chuleton-1768396489-240x300.jpg 240w, https:\/\/www.asadoraker.com\/wp-content\/uploads\/2026\/01\/aker-aritza-chuleton-1768396489-768x960.jpg 768w\" sizes=\"(max-width: 800px) 100vw, 800px\" \/>\t\t\t\t\t\t\t\t\t\t\t\t\t\t\t<\/div>\n\t\t\t\t<\/div>\n\t\t\t\t<\/div>\n\t\t<div class=\"elementor-element elementor-element-ce0fea8 fc-container-equal-s e-flex e-con-boxed e-con e-child\" data-id=\"ce0fea8\" data-element_type=\"container\" data-e-type=\"container\" data-settings=\"{&quot;background_background&quot;:&quot;classic&quot;}\">\n\t\t\t\t\t<div class=\"e-con-inner\">\n\t\t\t\t<div class=\"elementor-element elementor-element-f72812b elementor-widget elementor-widget-heading\" data-id=\"f72812b\" data-element_type=\"widget\" data-e-type=\"widget\" data-widget_type=\"heading.default\">\n\t\t\t\t<div class=\"elementor-widget-container\">\n\t\t\t\t\t<h2 class=\"elementor-heading-title elementor-size-default\">Regala Aker<\/h2>\t\t\t\t<\/div>\n\t\t\t\t<\/div>\n\t\t\t\t<div class=\"elementor-element elementor-element-e10405b elementor-widget elementor-widget-text-editor\" data-id=\"e10405b\" data-element_type=\"widget\" data-e-type=\"widget\" data-widget_type=\"text-editor.default\">\n\t\t\t\t<div class=\"elementor-widget-container\">\n\t\t\t\t\t\t\t\t\t<p>Nuestros bonos regalo est\u00e1n pensados para quienes valoran los peque\u00f1os grandes detalles y creen que los mejores momentos se viven alrededor de una mesa. Son una forma de sorprender, de agradecer o de celebrar, dejando que quien lo reciba elija cu\u00e1ndo y con qui\u00e9n disfrutarlo. Puedes consultar todos los detalles en las <a href=\"https:\/\/www.asadoraker.com\/en\/condiciones-generales-de-contratacion\/\">condiciones generales de contrataci\u00f3n<\/a>.<\/p>\t\t\t\t\t\t\t\t<\/div>\n\t\t\t\t<\/div>\n\t\t\t\t<div class=\"elementor-element elementor-element-b53fe91 elementor-widget__width-auto elementor-widget elementor-widget-button\" data-id=\"b53fe91\" data-element_type=\"widget\" data-e-type=\"widget\" data-widget_type=\"button.default\">\n\t\t\t\t<div class=\"elementor-widget-container\">\n\t\t\t\t\t\t\t\t\t<div class=\"elementor-button-wrapper\">\n\t\t\t\t\t<a class=\"elementor-button elementor-button-link elementor-size-sm\" href=\"https:\/\/www.asadoraker.com\/en\/bonos-regalo\/\">\n\t\t\t\t\t\t<span class=\"elementor-button-content-wrapper\">\n\t\t\t\t\t\t\t\t\t<span class=\"elementor-button-text\">Comprar bono<\/span>\n\t\t\t\t\t<\/span>\n\t\t\t\t\t<\/a>\n\t\t\t\t<\/div>\n\t\t\t\t\t\t\t\t<\/div>\n\t\t\t\t<\/div>\n\t\t\t\t\t<\/div>\n\t\t\t\t<\/div>\n\t\t\t\t\t<\/div>\n\t\t\t\t<\/div>\n\t\t\t\t<\/div>\n\t\t\t\t<\/div>\n\t\t\t\t<\/div>\n\t\t\t\t\t\t<\/div>\n\t\t\t\t<\/div>\n\t\t\t\t\t<\/div>\n\t\t\t\t<\/div>\n\t\t\t\t<\/div>","protected":false},"excerpt":{"rendered":"<p>Asador Aker Situado en el encantador pueblo de Cuzcurrita de R\u00edo Tir\u00f3n, llevamos 25 a\u00f1os dedic\u00e1ndonos con pasi\u00f3n a la cocina a la parrilla. Somos un restaurante familiar donde cada detalle importa, y eso se percibe tanto en nuestros platos como en la atenci\u00f3n cercana y personalizada que ofrecemos a cada comensal. Nuestra cocina gira [&hellip;]<\/p>\n","protected":false},"author":1,"featured_media":0,"parent":0,"menu_order":3,"comment_status":"closed","ping_status":"closed","template":"","meta":{"_acf_changed":false,"footnotes":""},"class_list":["post-178","page","type-page","status-publish","hentry"],"acf":[],"_links":{"self":[{"href":"https:\/\/www.asadoraker.com\/en\/wp-json\/wp\/v2\/pages\/178","targetHints":{"allow":["GET"]}}],"collection":[{"href":"https:\/\/www.asadoraker.com\/en\/wp-json\/wp\/v2\/pages"}],"about":[{"href":"https:\/\/www.asadoraker.com\/en\/wp-json\/wp\/v2\/types\/page"}],"author":[{"embeddable":true,"href":"https:\/\/www.asadoraker.com\/en\/wp-json\/wp\/v2\/users\/1"}],"replies":[{"embeddable":true,"href":"https:\/\/www.asadoraker.com\/en\/wp-json\/wp\/v2\/comments?post=178"}],"version-history":[{"count":1,"href":"https:\/\/www.asadoraker.com\/en\/wp-json\/wp\/v2\/pages\/178\/revisions"}],"predecessor-version":[{"id":2398,"href":"https:\/\/www.asadoraker.com\/en\/wp-json\/wp\/v2\/pages\/178\/revisions\/2398"}],"wp:attachment":[{"href":"https:\/\/www.asadoraker.com\/en\/wp-json\/wp\/v2\/media?parent=178"}],"curies":[{"name":"wp","href":"https:\/\/api.w.org\/{rel}","templated":true}]}}